{"id":137,"date":"2022-09-05T13:16:28","date_gmt":"2022-09-05T11:16:28","guid":{"rendered":"https:\/\/epcg-bg.com\/?page_id=137"},"modified":"2022-09-05T14:01:28","modified_gmt":"2022-09-05T12:01:28","slug":"usluge","status":"publish","type":"page","link":"https:\/\/epcg-bg.com\/en\/usluge\/","title":{"rendered":"Services"},"content":{"rendered":"<div data-elementor-type=\"wp-page\" data-elementor-id=\"137\" class=\"elementor elementor-137\" data-elementor-post-type=\"page\">\n\t\t\t\t\t\t<section class=\"elementor-section elementor-top-section elementor-element elementor-element-ed4e1ae elementor-section-boxed elementor-section-height-default elementor-section-height-default parallax_section_no qode_elementor_container_no\" data-id=\"ed4e1ae\" data-element_type=\"section\" data-e-type=\"section\" data-settings=\"{&quot;background_background&quot;:&quot;classic&quot;}\">\n\t\t\t\t\t\t<div class=\"elementor-container elementor-column-gap-default\">\n\t\t\t\t\t<div class=\"elementor-column elementor-col-100 elementor-top-column elementor-element elementor-element-575d063\" data-id=\"575d063\" data-element_type=\"column\" data-e-type=\"column\">\n\t\t\t<div class=\"elementor-widget-wrap elementor-element-populated\">\n\t\t\t\t\t\t<div class=\"elementor-element elementor-element-c071023 elementor-widget elementor-widget-heading\" data-id=\"c071023\" data-element_type=\"widget\" data-e-type=\"widget\" data-widget_type=\"heading.default\">\n\t\t\t\t<div class=\"elementor-widget-container\">\n\t\t\t\t\t<h2 class=\"elementor-heading-title elementor-size-default\">Services<\/h2>\t\t\t\t<\/div>\n\t\t\t\t<\/div>\n\t\t\t\t<div class=\"elementor-element elementor-element-2d1060a elementor-widget-divider--view-line elementor-widget elementor-widget-divider\" data-id=\"2d1060a\" data-element_type=\"widget\" data-e-type=\"widget\" data-widget_type=\"divider.default\">\n\t\t\t\t<div class=\"elementor-widget-container\">\n\t\t\t\t\t\t\t<div class=\"elementor-divider\">\n\t\t\t<span class=\"elementor-divider-separator\">\n\t\t\t\t\t\t<\/span>\n\t\t<\/div>\n\t\t\t\t\t\t<\/div>\n\t\t\t\t<\/div>\n\t\t\t\t\t<\/div>\n\t\t<\/div>\n\t\t\t\t\t<\/div>\n\t\t<\/section>\n\t\t\t\t<section class=\"elementor-section elementor-top-section elementor-element elementor-element-50f21a2 animated-fast elementor-section-boxed elementor-section-height-default elementor-section-height-default parallax_section_no qode_elementor_container_no elementor-invisible\" data-id=\"50f21a2\" data-element_type=\"section\" data-e-type=\"section\" data-settings=\"{&quot;background_background&quot;:&quot;classic&quot;,&quot;animation&quot;:&quot;slideInLeft&quot;}\">\n\t\t\t\t\t\t<div class=\"elementor-container elementor-column-gap-no\">\n\t\t\t\t\t<div class=\"elementor-column elementor-col-50 elementor-top-column elementor-element elementor-element-6d90dfb\" data-id=\"6d90dfb\" data-element_type=\"column\" data-e-type=\"column\" data-settings=\"{&quot;background_background&quot;:&quot;classic&quot;}\">\n\t\t\t<div class=\"elementor-widget-wrap elementor-element-populated\">\n\t\t\t\t\t\t<div class=\"elementor-element elementor-element-7b36c6e elementor-widget elementor-widget-heading\" data-id=\"7b36c6e\" data-element_type=\"widget\" data-e-type=\"widget\" data-widget_type=\"heading.default\">\n\t\t\t\t<div class=\"elementor-widget-container\">\n\t\t\t\t\t<h2 class=\"elementor-heading-title elementor-size-default\">Kupite struju<\/h2>\t\t\t\t<\/div>\n\t\t\t\t<\/div>\n\t\t\t\t<div class=\"elementor-element elementor-element-efa6411 elementor-widget-divider--view-line elementor-widget elementor-widget-divider\" data-id=\"efa6411\" data-element_type=\"widget\" data-e-type=\"widget\" data-widget_type=\"divider.default\">\n\t\t\t\t<div class=\"elementor-widget-container\">\n\t\t\t\t\t\t\t<div class=\"elementor-divider\">\n\t\t\t<span class=\"elementor-divider-separator\">\n\t\t\t\t\t\t<\/span>\n\t\t<\/div>\n\t\t\t\t\t\t<\/div>\n\t\t\t\t<\/div>\n\t\t\t\t<div class=\"elementor-element elementor-element-96bdb58 elementor-widget__width-initial elementor-widget elementor-widget-heading\" data-id=\"96bdb58\" data-element_type=\"widget\" data-e-type=\"widget\" data-widget_type=\"heading.default\">\n\t\t\t\t<div class=\"elementor-widget-container\">\n\t\t\t\t\t<h2 class=\"elementor-heading-title elementor-size-default\">Nudimo pouzdano komercijalno snabdevanje po povoljnim cenama uz garancije porekla struje iz obnovljivih izvora. <\/h2>\t\t\t\t<\/div>\n\t\t\t\t<\/div>\n\t\t\t\t<div class=\"elementor-element elementor-element-beffeca elementor-align-center elementor-widget elementor-widget-button\" data-id=\"beffeca\" data-element_type=\"widget\" data-e-type=\"widget\" data-widget_type=\"button.default\">\n\t\t\t\t<div class=\"elementor-widget-container\">\n\t\t\t\t\t\t\t\t\t<div class=\"elementor-button-wrapper\">\n\t\t\t\t\t<a class=\"elementor-button elementor-button-link elementor-size-lg\" href=\"#\">\n\t\t\t\t\t\t<span class=\"elementor-button-content-wrapper\">\n\t\t\t\t\t\t\t\t\t<span class=\"elementor-button-text\">Read more<\/span>\n\t\t\t\t\t<\/span>\n\t\t\t\t\t<\/a>\n\t\t\t\t<\/div>\n\t\t\t\t\t\t\t\t<\/div>\n\t\t\t\t<\/div>\n\t\t\t\t\t<\/div>\n\t\t<\/div>\n\t\t\t\t<div class=\"elementor-column elementor-col-50 elementor-top-column elementor-element elementor-element-f9977a0\" data-id=\"f9977a0\" data-element_type=\"column\" data-e-type=\"column\" data-settings=\"{&quot;background_background&quot;:&quot;classic&quot;}\">\n\t\t\t<div class=\"elementor-widget-wrap elementor-element-populated\">\n\t\t\t\t\t\t<div class=\"elementor-element elementor-element-9fb0a23 elementor-widget elementor-widget-image\" data-id=\"9fb0a23\" data-element_type=\"widget\" data-e-type=\"widget\" data-widget_type=\"image.default\">\n\t\t\t\t<div class=\"elementor-widget-container\">\n\t\t\t\t\t\t\t\t\t\t\t\t\t\t\t<img fetchpriority=\"high\" decoding=\"async\" width=\"1024\" height=\"662\" src=\"https:\/\/i0.wp.com\/epcg-bg.com\/wp-content\/uploads\/2022\/09\/vecteezy_high-voltage-electric-pylon-and-electrical-wire-against-blue_7773251_612.jpg?fit=1024%2C662&amp;ssl=1\" class=\"attachment-large size-large wp-image-67\" alt=\"\" srcset=\"https:\/\/i0.wp.com\/epcg-bg.com\/wp-content\/uploads\/2022\/09\/vecteezy_high-voltage-electric-pylon-and-electrical-wire-against-blue_7773251_612.jpg?w=1835&amp;ssl=1 1835w, https:\/\/i0.wp.com\/epcg-bg.com\/wp-content\/uploads\/2022\/09\/vecteezy_high-voltage-electric-pylon-and-electrical-wire-against-blue_7773251_612.jpg?resize=300%2C194&amp;ssl=1 300w, https:\/\/i0.wp.com\/epcg-bg.com\/wp-content\/uploads\/2022\/09\/vecteezy_high-voltage-electric-pylon-and-electrical-wire-against-blue_7773251_612.jpg?resize=1024%2C662&amp;ssl=1 1024w, https:\/\/i0.wp.com\/epcg-bg.com\/wp-content\/uploads\/2022\/09\/vecteezy_high-voltage-electric-pylon-and-electrical-wire-against-blue_7773251_612.jpg?resize=768%2C496&amp;ssl=1 768w, https:\/\/i0.wp.com\/epcg-bg.com\/wp-content\/uploads\/2022\/09\/vecteezy_high-voltage-electric-pylon-and-electrical-wire-against-blue_7773251_612.jpg?resize=1536%2C993&amp;ssl=1 1536w, https:\/\/i0.wp.com\/epcg-bg.com\/wp-content\/uploads\/2022\/09\/vecteezy_high-voltage-electric-pylon-and-electrical-wire-against-blue_7773251_612.jpg?resize=400%2C260&amp;ssl=1 400w, https:\/\/i0.wp.com\/epcg-bg.com\/wp-content\/uploads\/2022\/09\/vecteezy_high-voltage-electric-pylon-and-electrical-wire-against-blue_7773251_612.jpg?resize=700%2C452&amp;ssl=1 700w\" sizes=\"(max-width: 1024px) 100vw, 1024px\" \/>\t\t\t\t\t\t\t\t\t\t\t\t\t\t\t<\/div>\n\t\t\t\t<\/div>\n\t\t\t\t\t<\/div>\n\t\t<\/div>\n\t\t\t\t\t<\/div>\n\t\t<\/section>\n\t\t\t\t<section class=\"elementor-section elementor-top-section elementor-element elementor-element-ed2e17c animated-fast elementor-section-boxed elementor-section-height-default elementor-section-height-default parallax_section_no qode_elementor_container_no elementor-invisible\" data-id=\"ed2e17c\" data-element_type=\"section\" data-e-type=\"section\" data-settings=\"{&quot;background_background&quot;:&quot;classic&quot;,&quot;animation&quot;:&quot;slideInLeft&quot;,&quot;animation_delay&quot;:250}\">\n\t\t\t\t\t\t\t<div class=\"elementor-background-overlay\"><\/div>\n\t\t\t\t\t\t\t<div class=\"elementor-container elementor-column-gap-no\">\n\t\t\t\t\t<div class=\"elementor-column elementor-col-100 elementor-top-column elementor-element elementor-element-a6b2902\" data-id=\"a6b2902\" data-element_type=\"column\" data-e-type=\"column\" data-settings=\"{&quot;background_background&quot;:&quot;classic&quot;}\">\n\t\t\t<div class=\"elementor-widget-wrap elementor-element-populated\">\n\t\t\t\t\t\t<div class=\"elementor-element elementor-element-ca68490 elementor-widget elementor-widget-heading\" data-id=\"ca68490\" data-element_type=\"widget\" data-e-type=\"widget\" data-widget_type=\"heading.default\">\n\t\t\t\t<div class=\"elementor-widget-container\">\n\t\t\t\t\t<h2 class=\"elementor-heading-title elementor-size-default\">Prodajte struju<\/h2>\t\t\t\t<\/div>\n\t\t\t\t<\/div>\n\t\t\t\t<div class=\"elementor-element elementor-element-9cabefe elementor-widget-divider--view-line elementor-widget elementor-widget-divider\" data-id=\"9cabefe\" data-element_type=\"widget\" data-e-type=\"widget\" data-widget_type=\"divider.default\">\n\t\t\t\t<div class=\"elementor-widget-container\">\n\t\t\t\t\t\t\t<div class=\"elementor-divider\">\n\t\t\t<span class=\"elementor-divider-separator\">\n\t\t\t\t\t\t<\/span>\n\t\t<\/div>\n\t\t\t\t\t\t<\/div>\n\t\t\t\t<\/div>\n\t\t\t\t<div class=\"elementor-element elementor-element-0a81f2b elementor-widget__width-initial elementor-widget elementor-widget-heading\" data-id=\"0a81f2b\" data-element_type=\"widget\" data-e-type=\"widget\" data-widget_type=\"heading.default\">\n\t\t\t\t<div class=\"elementor-widget-container\">\n\t\t\t\t\t<h2 class=\"elementor-heading-title elementor-size-default\">Plasirajte na tr\u017ei\u0161te struju koju samostalno proizvodite u dugoro\u010dnoj saradnji sa EPCG Beograd.<\/h2>\t\t\t\t<\/div>\n\t\t\t\t<\/div>\n\t\t\t\t<div class=\"elementor-element elementor-element-a08c046 elementor-align-center elementor-widget elementor-widget-button\" data-id=\"a08c046\" data-element_type=\"widget\" data-e-type=\"widget\" data-widget_type=\"button.default\">\n\t\t\t\t<div class=\"elementor-widget-container\">\n\t\t\t\t\t\t\t\t\t<div class=\"elementor-button-wrapper\">\n\t\t\t\t\t<a class=\"elementor-button elementor-button-link elementor-size-lg\" href=\"#\">\n\t\t\t\t\t\t<span class=\"elementor-button-content-wrapper\">\n\t\t\t\t\t\t\t\t\t<span class=\"elementor-button-text\">Read more<\/span>\n\t\t\t\t\t<\/span>\n\t\t\t\t\t<\/a>\n\t\t\t\t<\/div>\n\t\t\t\t\t\t\t\t<\/div>\n\t\t\t\t<\/div>\n\t\t\t\t\t<\/div>\n\t\t<\/div>\n\t\t\t\t\t<\/div>\n\t\t<\/section>\n\t\t\t\t<\/div>","protected":false},"excerpt":{"rendered":"<p>Usluge Kupite struju Nudimo pouzdano komercijalno snabdevanje po povoljnim cenama uz garancije porekla struje iz obnovljivih izvora. Pro\u010ditaj vi\u0161e Prodajte struju Plasirajte na tr\u017ei\u0161te struju koju samostalno proizvodite u dugoro\u010dnoj saradnji sa EPCG Beograd. Pro\u010ditaj vi\u0161e<\/p>","protected":false},"author":1,"featured_media":0,"parent":0,"menu_order":0,"comment_status":"closed","ping_status":"closed","template":"elementor_header_footer","meta":{"nf_dc_page":"","_monsterinsights_skip_tracking":false,"_monsterinsights_sitenote_active":false,"_monsterinsights_sitenote_note":"","_monsterinsights_sitenote_category":0,"footnotes":""},"class_list":["post-137","page","type-page","status-publish","hentry"],"jetpack_sharing_enabled":true,"_links":{"self":[{"href":"https:\/\/epcg-bg.com\/en\/wp-json\/wp\/v2\/pages\/137","targetHints":{"allow":["GET"]}}],"collection":[{"href":"https:\/\/epcg-bg.com\/en\/wp-json\/wp\/v2\/pages"}],"about":[{"href":"https:\/\/epcg-bg.com\/en\/wp-json\/wp\/v2\/types\/page"}],"author":[{"embeddable":true,"href":"https:\/\/epcg-bg.com\/en\/wp-json\/wp\/v2\/users\/1"}],"replies":[{"embeddable":true,"href":"https:\/\/epcg-bg.com\/en\/wp-json\/wp\/v2\/comments?post=137"}],"version-history":[{"count":5,"href":"https:\/\/epcg-bg.com\/en\/wp-json\/wp\/v2\/pages\/137\/revisions"}],"predecessor-version":[{"id":160,"href":"https:\/\/epcg-bg.com\/en\/wp-json\/wp\/v2\/pages\/137\/revisions\/160"}],"wp:attachment":[{"href":"https:\/\/epcg-bg.com\/en\/wp-json\/wp\/v2\/media?parent=137"}],"curies":[{"name":"wp","href":"https:\/\/api.w.org\/{rel}","templated":true}]}}