{"id":309,"date":"2022-09-11T15:13:03","date_gmt":"2022-09-11T13:13:03","guid":{"rendered":"https:\/\/epcg-bg.com\/?page_id=309"},"modified":"2022-11-01T00:49:35","modified_gmt":"2022-10-31T22:49:35","slug":"prodajte-elektricnu-energiju","status":"publish","type":"page","link":"https:\/\/epcg-bg.com\/en\/prodajte-elektricnu-energiju\/","title":{"rendered":"Sell the electricity you generate"},"content":{"rendered":"\t\t<div data-elementor-type=\"wp-page\" data-elementor-id=\"309\" class=\"elementor elementor-309\" data-elementor-post-type=\"page\">\n\t\t\t\t\t\t<section class=\"elementor-section elementor-top-section elementor-element elementor-element-95bb4c0 elementor-section-full_width elementor-hidden-mobile elementor-section-height-default elementor-section-height-default parallax_section_no qode_elementor_container_no\" data-id=\"95bb4c0\" data-element_type=\"section\" data-e-type=\"section\">\n\t\t\t\t\t\t<div class=\"elementor-container elementor-column-gap-no\">\n\t\t\t\t\t<div class=\"elementor-column elementor-col-100 elementor-top-column elementor-element elementor-element-3c518dd\" data-id=\"3c518dd\" data-element_type=\"column\" data-e-type=\"column\">\n\t\t\t<div class=\"elementor-widget-wrap elementor-element-populated\">\n\t\t\t\t\t\t<div class=\"elementor-element elementor-element-eee1408 elementor-widget elementor-widget-layerslider\" data-id=\"eee1408\" data-element_type=\"widget\" data-e-type=\"widget\" data-widget_type=\"layerslider.default\">\n\t\t\t\t<div class=\"elementor-widget-container\">\n\t\t\t\t\t<script type=\"text\/javascript\">jQuery(function() { _initLayerSlider( '#layerslider_3_1lpcub0sdn9bq', {createdWith: '7.2.1', sliderVersion: '7.2.1', allowFullscreen: false, skin: 'v6', showCircleTimer: false, useSrcset: true, skinsPath: 'https:\/\/epcg-bg.com\/wp-content\/plugins\/LayerSlider\/assets\/static\/layerslider\/skins\/'}); });<\/script><div id=\"layerslider_3_1lpcub0sdn9bq\" class=\"ls-wp-container fitvidsignore header-banner-usluge\" style=\"width:1920px;height:445px;margin:0 auto;margin-bottom: 0px;\"><div class=\"ls-slide\" data-ls=\"bgsize:cover;bgposition:50% 50%;kenburnsscale:1.2;\"><img fetchpriority=\"high\" decoding=\"async\" width=\"2218\" height=\"1478\" src=\"https:\/\/i0.wp.com\/epcg-bg.com\/wp-content\/uploads\/2022\/09\/01-Prodajte-struju.jpg?fit=2218%2C1478&amp;ssl=1\" class=\"ls-bg\" alt=\"\" srcset=\"https:\/\/i0.wp.com\/epcg-bg.com\/wp-content\/uploads\/2022\/09\/01-Prodajte-struju.jpg?w=2218&amp;ssl=1 2218w, https:\/\/i0.wp.com\/epcg-bg.com\/wp-content\/uploads\/2022\/09\/01-Prodajte-struju.jpg?resize=300%2C200&amp;ssl=1 300w, https:\/\/i0.wp.com\/epcg-bg.com\/wp-content\/uploads\/2022\/09\/01-Prodajte-struju.jpg?resize=1024%2C682&amp;ssl=1 1024w, https:\/\/i0.wp.com\/epcg-bg.com\/wp-content\/uploads\/2022\/09\/01-Prodajte-struju.jpg?resize=768%2C512&amp;ssl=1 768w, https:\/\/i0.wp.com\/epcg-bg.com\/wp-content\/uploads\/2022\/09\/01-Prodajte-struju.jpg?resize=1536%2C1024&amp;ssl=1 1536w, https:\/\/i0.wp.com\/epcg-bg.com\/wp-content\/uploads\/2022\/09\/01-Prodajte-struju.jpg?resize=2048%2C1365&amp;ssl=1 2048w, https:\/\/i0.wp.com\/epcg-bg.com\/wp-content\/uploads\/2022\/09\/01-Prodajte-struju.jpg?resize=700%2C466&amp;ssl=1 700w, https:\/\/i0.wp.com\/epcg-bg.com\/wp-content\/uploads\/2022\/09\/01-Prodajte-struju.jpg?w=2120&amp;ssl=1 2120w\" sizes=\"(max-width: 1060px) 100vw, 1060px\" \/><ls-layer style=\"font-size:76px;text-align:left;font-style:normal;text-decoration:none;text-transform:none;font-weight:700;letter-spacing:0px;background-position:0% 0%;background-repeat:no-repeat;top:50%;left:50%;font-family:poppins;color:#ffffff;\" class=\"ls-l ls-text-layer\">Prodajte elektri&#269;nu energiju<\/ls-layer><ls-layer style=\"\nborder: 2px solid #3CB4E5;\nborder-radius: 5px;\nmargin: auto;\nwidth: 69px;font-size:36px;text-align:left;font-style:normal;text-decoration:none;text-transform:none;font-weight:400;letter-spacing:0px;background-position:0% 0%;background-repeat:no-repeat;top:280px;left:50%;color:#3CB4E5;border-width:0px 0px 0px 0px;\" class=\"ls-l ls-html-layer\"><hr class=\"divider\"><style>\n.divider {\nborder-bottom: 3px solid #3CB4E5;\nborder-top: 0px;\nborder-left: 0px;\nborder-right: 0px;\nborder-radius: 5px;\nmargin: auto !important;\nwidth: 69px;\n}\n<\/style><\/ls-layer><\/div><\/div>\t\t\t\t<\/div>\n\t\t\t\t<\/div>\n\t\t\t\t\t<\/div>\n\t\t<\/div>\n\t\t\t\t\t<\/div>\n\t\t<\/section>\n\t\t\t\t<section class=\"elementor-section elementor-top-section elementor-element elementor-element-dfc0d56 elementor-hidden-desktop elementor-hidden-tablet elementor-section-boxed elementor-section-height-default elementor-section-height-default parallax_section_no qode_elementor_container_no\" data-id=\"dfc0d56\" data-element_type=\"section\" data-e-type=\"section\">\n\t\t\t\t\t\t<div class=\"elementor-container elementor-column-gap-no\">\n\t\t\t\t\t<div class=\"elementor-column elementor-col-100 elementor-top-column elementor-element elementor-element-853c939\" data-id=\"853c939\" data-element_type=\"column\" data-e-type=\"column\">\n\t\t\t<div class=\"elementor-widget-wrap elementor-element-populated\">\n\t\t\t\t\t\t<div class=\"elementor-element elementor-element-efd1f68 elementor-widget elementor-widget-layerslider\" data-id=\"efd1f68\" data-element_type=\"widget\" data-e-type=\"widget\" data-widget_type=\"layerslider.default\">\n\t\t\t\t<div class=\"elementor-widget-container\">\n\t\t\t\t\t<script type=\"text\/javascript\">jQuery(function() { _initLayerSlider( '#layerslider_12_j2z02wrzexdv', {createdWith: '7.2.1', sliderVersion: '7.2.1', skin: 'v6', navPrevNext: false, hoverPrevNext: false, navStartStop: false, showCircleTimer: false, useSrcset: true, skinsPath: 'https:\/\/epcg-bg.com\/wp-content\/plugins\/LayerSlider\/assets\/static\/layerslider\/skins\/'}); });<\/script><div id=\"layerslider_12_j2z02wrzexdv\" class=\"ls-wp-container fitvidsignore\" style=\"width:1080px;height:720px;margin:0 auto;margin-bottom: 0px;\"><div class=\"ls-slide\" data-ls=\"bgsize:cover;bgposition:50% 50%;kenburnsscale:1.2;\"><img decoding=\"async\" width=\"1080\" height=\"720\" src=\"https:\/\/i0.wp.com\/epcg-bg.com\/wp-content\/uploads\/2022\/10\/01-Baner-prodajte-elektricnu-energiju.jpg?fit=1080%2C720&amp;ssl=1\" class=\"ls-bg\" alt=\"\" srcset=\"https:\/\/i0.wp.com\/epcg-bg.com\/wp-content\/uploads\/2022\/10\/01-Baner-prodajte-elektricnu-energiju.jpg?w=1080&amp;ssl=1 1080w, https:\/\/i0.wp.com\/epcg-bg.com\/wp-content\/uploads\/2022\/10\/01-Baner-prodajte-elektricnu-energiju.jpg?resize=300%2C200&amp;ssl=1 300w, https:\/\/i0.wp.com\/epcg-bg.com\/wp-content\/uploads\/2022\/10\/01-Baner-prodajte-elektricnu-energiju.jpg?resize=1024%2C683&amp;ssl=1 1024w, https:\/\/i0.wp.com\/epcg-bg.com\/wp-content\/uploads\/2022\/10\/01-Baner-prodajte-elektricnu-energiju.jpg?resize=768%2C512&amp;ssl=1 768w, https:\/\/i0.wp.com\/epcg-bg.com\/wp-content\/uploads\/2022\/10\/01-Baner-prodajte-elektricnu-energiju.jpg?resize=700%2C467&amp;ssl=1 700w\" sizes=\"(max-width: 1060px) 100vw, 1060px\" \/><ls-layer style=\"font-size:67px;text-align:left;font-style:normal;text-decoration:none;text-transform:none;font-weight:700;letter-spacing:0px;background-position:0% 0%;background-repeat:no-repeat;top:50%;left:50%;font-family:poppins;color:#ffffff;\" class=\"ls-l ls-text-layer\">Prodajte elektri&#269;nu energiju<\/ls-layer><ls-layer style=\"\nborder: 2px solid #3CB4E5;\nborder-radius: 5px;\nmargin: auto;\nwidth: 69px;font-size:41px;text-align:center;font-style:normal;text-decoration:none;text-transform:none;font-weight:400;letter-spacing:0px;background-position:0% 0%;background-repeat:no-repeat;top:410px;left:50%;color:#3CB4E5;border-width:0px 0px 0px 0px;\" class=\"ls-l ls-html-layer\"><hr class=\"divider\"><style>\n.divider {\nborder-bottom: 2px solid #3CB4E5;\nborder-top: 0px;\nborder-left: 0px;\nborder-right: 0px;\nborder-radius: 5px;\nmargin: auto !important;\nwidth: 100%;\n}\n<\/style><\/ls-layer><\/div><\/div>\t\t\t\t<\/div>\n\t\t\t\t<\/div>\n\t\t\t\t\t<\/div>\n\t\t<\/div>\n\t\t\t\t\t<\/div>\n\t\t<\/section>\n\t\t\t\t<section class=\"elementor-section elementor-top-section elementor-element elementor-element-589681d elementor-section-boxed elementor-section-height-default elementor-section-height-default parallax_section_no qode_elementor_container_no\" data-id=\"589681d\" data-element_type=\"section\" data-e-type=\"section\">\n\t\t\t\t\t\t<div class=\"elementor-container elementor-column-gap-default\">\n\t\t\t\t\t<div class=\"elementor-column elementor-col-100 elementor-top-column elementor-element elementor-element-2f512d7\" data-id=\"2f512d7\" data-element_type=\"column\" data-e-type=\"column\">\n\t\t\t<div class=\"elementor-widget-wrap elementor-element-populated\">\n\t\t\t\t\t\t<div class=\"elementor-element elementor-element-04488c4 elementor-widget-divider--view-line elementor-widget elementor-widget-divider\" data-id=\"04488c4\" data-element_type=\"widget\" data-e-type=\"widget\" data-widget_type=\"divider.default\">\n\t\t\t\t<div class=\"elementor-widget-container\">\n\t\t\t\t\t\t\t<div class=\"elementor-divider\">\n\t\t\t<span class=\"elementor-divider-separator\">\n\t\t\t\t\t\t<\/span>\n\t\t<\/div>\n\t\t\t\t\t\t<\/div>\n\t\t\t\t<\/div>\n\t\t\t\t\t<\/div>\n\t\t<\/div>\n\t\t\t\t\t<\/div>\n\t\t<\/section>\n\t\t\t\t<section class=\"elementor-section elementor-top-section elementor-element elementor-element-f5fe95a elementor-section-boxed elementor-section-height-default elementor-section-height-default parallax_section_no qode_elementor_container_no\" data-id=\"f5fe95a\" data-element_type=\"section\" data-e-type=\"section\">\n\t\t\t\t\t\t<div class=\"elementor-container elementor-column-gap-default\">\n\t\t\t\t\t<div class=\"elementor-column elementor-col-50 elementor-top-column elementor-element elementor-element-0844c1f\" data-id=\"0844c1f\" data-element_type=\"column\" data-e-type=\"column\">\n\t\t\t<div class=\"elementor-widget-wrap elementor-element-populated\">\n\t\t\t\t\t\t<div class=\"elementor-element elementor-element-320e039 elementor-widget__width-initial elementor-widget elementor-widget-heading\" data-id=\"320e039\" data-element_type=\"widget\" data-e-type=\"widget\" data-widget_type=\"heading.default\">\n\t\t\t\t<div class=\"elementor-widget-container\">\n\t\t\t\t\t<h2 class=\"elementor-heading-title elementor-size-default\">EPCG Beograd se bavi otkupom elektri\u010dne energije  od malih proizvo\u0111a\u010da (solarne elektrane, vetroparkovi i hidroelektrane), u nameri da svoj energetski portfolio u \u0161to ve\u0107oj meri zasniva na \u010distim izvorima elektri\u010dne energije i podr\u017ei region u nastojanjima da smanji u\u010de\u0161\u0107e fosilnih goriva u proizvodnji elektri\u010dne energije.<\/h2>\t\t\t\t<\/div>\n\t\t\t\t<\/div>\n\t\t\t\t<div class=\"elementor-element elementor-element-490b76e elementor-widget__width-initial elementor-widget elementor-widget-heading\" data-id=\"490b76e\" data-element_type=\"widget\" data-e-type=\"widget\" data-widget_type=\"heading.default\">\n\t\t\t\t<div class=\"elementor-widget-container\">\n\t\t\t\t\t<h2 class=\"elementor-heading-title elementor-size-default\">Uspostavljanjem poslovnih odnosa i sa malim proizvo\u0111a\u010dima podr\u017eavamo  trend samostalne proizvodnje elektri\u010dne energije, a zahvaljuju\u0107i raznovrsnom portfoliju, u stanju smo da garantujemo da \u0107e proizvodnja na\u0161ih klijenata uvek biti uskla\u0111ena sa potrebama elektro-mre\u017ee.<\/h2>\t\t\t\t<\/div>\n\t\t\t\t<\/div>\n\t\t\t\t<div class=\"elementor-element elementor-element-db12e6e elementor-widget__width-initial elementor-widget elementor-widget-heading\" data-id=\"db12e6e\" data-element_type=\"widget\" data-e-type=\"widget\" data-widget_type=\"heading.default\">\n\t\t\t\t<div class=\"elementor-widget-container\">\n\t\t\t\t\t<h2 class=\"elementor-heading-title elementor-size-default\">Nudimo i posredni\u010dku uslugu prodaje elektri\u010dne energije i pristupa berzanskom poslovanju za klijente koji sa nama zaklju\u010de adekvatan ugovor o saradnji i na taj na\u010din (uz na\u0161e posredovanje) mogu prodavati elektri\u010dnu energiju na berzi, uz odre\u0111enu proviziju.<\/h2>\t\t\t\t<\/div>\n\t\t\t\t<\/div>\n\t\t\t\t\t<\/div>\n\t\t<\/div>\n\t\t\t\t<div class=\"elementor-column elementor-col-50 elementor-top-column elementor-element elementor-element-69ec70d\" data-id=\"69ec70d\" data-element_type=\"column\" data-e-type=\"column\">\n\t\t\t<div class=\"elementor-widget-wrap elementor-element-populated\">\n\t\t\t\t\t\t<div class=\"elementor-element elementor-element-f6b2fd0 elementor-widget elementor-widget-image\" data-id=\"f6b2fd0\" data-element_type=\"widget\" data-e-type=\"widget\" data-widget_type=\"image.default\">\n\t\t\t\t<div class=\"elementor-widget-container\">\n\t\t\t\t\t\t\t\t\t\t\t\t\t\t\t<img decoding=\"async\" width=\"1024\" height=\"682\" src=\"https:\/\/i0.wp.com\/epcg-bg.com\/wp-content\/uploads\/2022\/09\/prodajte-struju.jpg?fit=1024%2C682&amp;ssl=1\" class=\"attachment-large size-large wp-image-311\" alt=\"\" srcset=\"https:\/\/i0.wp.com\/epcg-bg.com\/wp-content\/uploads\/2022\/09\/prodajte-struju.jpg?w=2218&amp;ssl=1 2218w, https:\/\/i0.wp.com\/epcg-bg.com\/wp-content\/uploads\/2022\/09\/prodajte-struju.jpg?resize=300%2C200&amp;ssl=1 300w, https:\/\/i0.wp.com\/epcg-bg.com\/wp-content\/uploads\/2022\/09\/prodajte-struju.jpg?resize=1024%2C682&amp;ssl=1 1024w, https:\/\/i0.wp.com\/epcg-bg.com\/wp-content\/uploads\/2022\/09\/prodajte-struju.jpg?resize=768%2C512&amp;ssl=1 768w, https:\/\/i0.wp.com\/epcg-bg.com\/wp-content\/uploads\/2022\/09\/prodajte-struju.jpg?resize=1536%2C1024&amp;ssl=1 1536w, https:\/\/i0.wp.com\/epcg-bg.com\/wp-content\/uploads\/2022\/09\/prodajte-struju.jpg?resize=2048%2C1365&amp;ssl=1 2048w, https:\/\/i0.wp.com\/epcg-bg.com\/wp-content\/uploads\/2022\/09\/prodajte-struju.jpg?resize=700%2C466&amp;ssl=1 700w, https:\/\/i0.wp.com\/epcg-bg.com\/wp-content\/uploads\/2022\/09\/prodajte-struju.jpg?w=2120&amp;ssl=1 2120w\" sizes=\"(max-width: 1024px) 100vw, 1024px\" \/>\t\t\t\t\t\t\t\t\t\t\t\t\t\t\t<\/div>\n\t\t\t\t<\/div>\n\t\t\t\t\t<\/div>\n\t\t<\/div>\n\t\t\t\t\t<\/div>\n\t\t<\/section>\n\t\t\t\t<section class=\"elementor-section elementor-top-section elementor-element elementor-element-668473b elementor-section-boxed elementor-section-height-default elementor-section-height-default parallax_section_no qode_elementor_container_no\" data-id=\"668473b\" data-element_type=\"section\" data-e-type=\"section\">\n\t\t\t\t\t\t<div class=\"elementor-container elementor-column-gap-default\">\n\t\t\t\t\t<div class=\"elementor-column elementor-col-100 elementor-top-column elementor-element elementor-element-f46df59\" data-id=\"f46df59\" data-element_type=\"column\" data-e-type=\"column\">\n\t\t\t<div class=\"elementor-widget-wrap elementor-element-populated\">\n\t\t\t\t\t\t<div class=\"elementor-element elementor-element-a6614f7 elementor-align-start elementor-icon-list--layout-traditional elementor-list-item-link-full_width elementor-widget elementor-widget-icon-list\" data-id=\"a6614f7\" data-element_type=\"widget\" data-e-type=\"widget\" data-widget_type=\"icon-list.default\">\n\t\t\t\t<div class=\"elementor-widget-container\">\n\t\t\t\t\t\t\t<ul class=\"elementor-icon-list-items\">\n\t\t\t\t\t\t\t<li class=\"elementor-icon-list-item\">\n\t\t\t\t\t\t\t\t\t\t\t<span class=\"elementor-icon-list-icon\">\n\t\t\t\t\t\t\t<i aria-hidden=\"true\" class=\"fas fa-check-circle\"><\/i>\t\t\t\t\t\t<\/span>\n\t\t\t\t\t\t\t\t\t\t<span class=\"elementor-icon-list-text\">PPA ugovori<\/span>\n\t\t\t\t\t\t\t\t\t<\/li>\n\t\t\t\t\t\t\t\t<li class=\"elementor-icon-list-item\">\n\t\t\t\t\t\t\t\t\t\t\t<span class=\"elementor-icon-list-icon\">\n\t\t\t\t\t\t\t<i aria-hidden=\"true\" class=\"fas fa-check-circle\"><\/i>\t\t\t\t\t\t<\/span>\n\t\t\t\t\t\t\t\t\t\t<span class=\"elementor-icon-list-text\">Balansna odgovornost<\/span>\n\t\t\t\t\t\t\t\t\t<\/li>\n\t\t\t\t\t\t<\/ul>\n\t\t\t\t\t\t<\/div>\n\t\t\t\t<\/div>\n\t\t\t\t\t<\/div>\n\t\t<\/div>\n\t\t\t\t\t<\/div>\n\t\t<\/section>\n\t\t\t\t<section class=\"elementor-section elementor-top-section elementor-element elementor-element-c613bc4 elementor-section-boxed elementor-section-height-default elementor-section-height-default parallax_section_no qode_elementor_container_no\" data-id=\"c613bc4\" data-element_type=\"section\" data-e-type=\"section\">\n\t\t\t\t\t\t<div class=\"elementor-container elementor-column-gap-default\">\n\t\t\t\t\t<div class=\"elementor-column elementor-col-100 elementor-top-column elementor-element elementor-element-6e5cb4e\" data-id=\"6e5cb4e\" data-element_type=\"column\" data-e-type=\"column\">\n\t\t\t<div class=\"elementor-widget-wrap elementor-element-populated\">\n\t\t\t\t\t\t<div class=\"elementor-element elementor-element-58375de elementor-widget__width-initial elementor-widget elementor-widget-text-editor\" data-id=\"58375de\" data-element_type=\"widget\" data-e-type=\"widget\" data-widget_type=\"text-editor.default\">\n\t\t\t\t<div class=\"elementor-widget-container\">\n\t\t\t\t\t\t\t\t\t<p>Sklopite ugovor po meri Va\u0161eg poslovanja.<br \/><strong>Kontaktirajte nas!<\/strong><\/p>\t\t\t\t\t\t\t\t<\/div>\n\t\t\t\t<\/div>\n\t\t\t\t\t<\/div>\n\t\t<\/div>\n\t\t\t\t\t<\/div>\n\t\t<\/section>\n\t\t\t\t<section class=\"elementor-section elementor-top-section elementor-element elementor-element-e201d9d elementor-section-boxed elementor-section-height-default elementor-section-height-default parallax_section_no qode_elementor_container_no\" data-id=\"e201d9d\" data-element_type=\"section\" data-e-type=\"section\">\n\t\t\t\t\t\t<div class=\"elementor-container elementor-column-gap-no\">\n\t\t\t\t\t<div class=\"elementor-column elementor-col-100 elementor-top-column elementor-element elementor-element-abea723\" data-id=\"abea723\" data-element_type=\"column\" data-e-type=\"column\">\n\t\t\t<div class=\"elementor-widget-wrap elementor-element-populated\">\n\t\t\t\t\t\t<div class=\"elementor-element elementor-element-e4b3c95 elementor-widget-divider--view-line elementor-widget elementor-widget-divider\" data-id=\"e4b3c95\" data-element_type=\"widget\" data-e-type=\"widget\" data-widget_type=\"divider.default\">\n\t\t\t\t<div class=\"elementor-widget-container\">\n\t\t\t\t\t\t\t<div class=\"elementor-divider\">\n\t\t\t<span class=\"elementor-divider-separator\">\n\t\t\t\t\t\t<\/span>\n\t\t<\/div>\n\t\t\t\t\t\t<\/div>\n\t\t\t\t<\/div>\n\t\t\t\t<div class=\"elementor-element elementor-element-8473af9 elementor-widget-mobile__width-inherit elementor-widget elementor-widget-heading\" data-id=\"8473af9\" data-element_type=\"widget\" data-e-type=\"widget\" data-widget_type=\"heading.default\">\n\t\t\t\t<div class=\"elementor-widget-container\">\n\t\t\t\t\t<h2 class=\"elementor-heading-title elementor-size-default\">\u010cesta pitanja<\/h2>\t\t\t\t<\/div>\n\t\t\t\t<\/div>\n\t\t\t\t<div class=\"elementor-element elementor-element-e7ebf50 elementor-widget-divider--view-line elementor-widget elementor-widget-divider\" data-id=\"e7ebf50\" data-element_type=\"widget\" data-e-type=\"widget\" data-widget_type=\"divider.default\">\n\t\t\t\t<div class=\"elementor-widget-container\">\n\t\t\t\t\t\t\t<div class=\"elementor-divider\">\n\t\t\t<span class=\"elementor-divider-separator\">\n\t\t\t\t\t\t<\/span>\n\t\t<\/div>\n\t\t\t\t\t\t<\/div>\n\t\t\t\t<\/div>\n\t\t\t\t<div class=\"elementor-element elementor-element-49f9de5 elementor-widget elementor-widget-qi_addons_for_elementor_faq\" data-id=\"49f9de5\" data-element_type=\"widget\" data-e-type=\"widget\" data-widget_type=\"qi_addons_for_elementor_faq.default\">\n\t\t\t\t<div class=\"elementor-widget-container\">\n\t\t\t\t\t<div class=\"qodef-shortcode qodef-m qodef-qi-faq qodef-qi-clear qodef-behavior--accordion qodef-layout--simple qodef-style--standard\">\n\t<h3 class=\"qodef-e-title-holder\">\n\t<span class=\"qodef-e-title\">\n\t\t\t\tKo mo\u017ee da proizvodi i prodaje elektri\u010dnu energiju?\t<\/span>\n\t\t<span class=\"qodef-e-mark\">\n\t\t<span class=\"qodef-icon--plus\">\n\t\t\t\t<span class=\"qodef-e-icon\">\n\t\t<i aria-hidden=\"true\" class=\"fas fa-plus\"><\/i>\t<\/span>\n\t\t\t<\/span>\n\t\t<span class=\"qodef-icon--minus\">\n\t\t\t\t<span class=\"qodef-e-icon\">\n\t\t<i aria-hidden=\"true\" class=\"fas fa-minus\"><\/i>\t<\/span>\n\t\t\t<\/span>\n\t<\/span>\n\t<\/h3>\n<div class=\"qodef-e-content\">\n\t<div class=\"qodef-e-content-inner\">\n\t\t<p>Izuzev elektrana, elektri\u010dnu energiju mogu da proizvode i mali proizvo\u0111a\u010di - doma\u0107instva i preduze\u0107a, naravno uz neophodne dozvole i licence za rad od nadle\u017enih organa u Republici Srbiji.<\/p>\t<\/div>\n<\/div>\n<h3 class=\"qodef-e-title-holder\">\n\t<span class=\"qodef-e-title\">\n\t\t\t\tKome i kako mogu da prodam proizvedenu elektri\u010dnu energiju?\t<\/span>\n\t\t<span class=\"qodef-e-mark\">\n\t\t<span class=\"qodef-icon--plus\">\n\t\t\t\t<span class=\"qodef-e-icon\">\n\t\t<i aria-hidden=\"true\" class=\"fas fa-plus\"><\/i>\t<\/span>\n\t\t\t<\/span>\n\t\t<span class=\"qodef-icon--minus\">\n\t\t\t\t<span class=\"qodef-e-icon\">\n\t\t<i aria-hidden=\"true\" class=\"fas fa-minus\"><\/i>\t<\/span>\n\t\t\t<\/span>\n\t<\/span>\n\t<\/h3>\n<div class=\"qodef-e-content\">\n\t<div class=\"qodef-e-content-inner\">\n\t\t<p>Proizvo\u0111a\u010d mo\u017ee prodati elektri\u010dnu energiju ukoliko sklopi Ugovor za otkup elektri\u010dne energije i u skladu sa potrebnom dokumentacijom izdatom od Elektromre\u017ee Srbije (EMS) ili drugih nadle\u017enih institucija.<\/p>\t<\/div>\n<\/div>\n<h3 class=\"qodef-e-title-holder\">\n\t<span class=\"qodef-e-title\">\n\t\t\t\tKakve vrste ugovora o prodaji elektri\u010dne energije postoje?\t<\/span>\n\t\t<span class=\"qodef-e-mark\">\n\t\t<span class=\"qodef-icon--plus\">\n\t\t\t\t<span class=\"qodef-e-icon\">\n\t\t<i aria-hidden=\"true\" class=\"fas fa-plus\"><\/i>\t<\/span>\n\t\t\t<\/span>\n\t\t<span class=\"qodef-icon--minus\">\n\t\t\t\t<span class=\"qodef-e-icon\">\n\t\t<i aria-hidden=\"true\" class=\"fas fa-minus\"><\/i>\t<\/span>\n\t\t\t<\/span>\n\t<\/span>\n\t<\/h3>\n<div class=\"qodef-e-content\">\n\t<div class=\"qodef-e-content-inner\">\n\t\t<p>Takozvani PPA (Power Purchase Agreement) ugovori sa mini elektranama jesu ugovori o prometu elektri\u010dnom energijom i prate\u0107im garancijama o poreklu elektri\u010dne energije iz obnovljivih izvora. U zavisnosti od zakonodavstva pojedinih dr\u017eava ovi ugovori mogu imati razli\u010dite forme, a upravo oni odre\u0111uju i otkupnu cenu elektri\u010dne energije izme\u0111u snabdeva\u010da i kupca-proizvo\u0111a\u010da.<\/p>\t<\/div>\n<\/div>\n<h3 class=\"qodef-e-title-holder\">\n\t<span class=\"qodef-e-title\">\n\t\t\t\tKako da postignem najbolju otkupnu elektri\u010dnu energiju za struju koju proizvedem?\t<\/span>\n\t\t<span class=\"qodef-e-mark\">\n\t\t<span class=\"qodef-icon--plus\">\n\t\t\t\t<span class=\"qodef-e-icon\">\n\t\t<i aria-hidden=\"true\" class=\"fas fa-plus\"><\/i>\t<\/span>\n\t\t\t<\/span>\n\t\t<span class=\"qodef-icon--minus\">\n\t\t\t\t<span class=\"qodef-e-icon\">\n\t\t<i aria-hidden=\"true\" class=\"fas fa-minus\"><\/i>\t<\/span>\n\t\t\t<\/span>\n\t<\/span>\n\t<\/h3>\n<div class=\"qodef-e-content\">\n\t<div class=\"qodef-e-content-inner\">\n\t\t<p>Otkupna cena elektri\u010dne energije definisana je Ugovorom o otkupu elektri\u010dne energije (Power Purchase Agreement), a dogovorena cena \u0107e zavisiti od neophodnih tehni\u010dkih uslova i parametara, kao i da li je re\u010d o hidroelektranama ili solarnim elektranama.<\/p>\t<\/div>\n<\/div>\n<\/div>\n\t<script type=\"application\/ld+json\">{\"@context\":\"https:\\\/\\\/schema.org\",\"@type\":\"FAQPage\",\"mainEntity\":[{\"@type\":\"Question\",\"name\":\"Ko mo\\u017ee da proizvodi i prodaje elektri\\u010dnu energiju?\",\"acceptedAnswer\":{\"@type\":\"Answer\",\"text\":\"<p>Izuzev elektrana, elektri\\u010dnu energiju mogu da proizvode i mali proizvo\\u0111a\\u010di - doma\\u0107instva i preduze\\u0107a, naravno uz neophodne dozvole i licence za rad od nadle\\u017enih organa u Republici Srbiji.<\\\/p>\"}},{\"@type\":\"Question\",\"name\":\"Kome i kako mogu da prodam proizvedenu elektri\\u010dnu energiju?\",\"acceptedAnswer\":{\"@type\":\"Answer\",\"text\":\"<p>Proizvo\\u0111a\\u010d mo\\u017ee prodati elektri\\u010dnu energiju ukoliko sklopi Ugovor za otkup elektri\\u010dne energije i u skladu sa potrebnom dokumentacijom izdatom od Elektromre\\u017ee Srbije (EMS) ili drugih nadle\\u017enih institucija.<\\\/p>\"}},{\"@type\":\"Question\",\"name\":\"Kakve vrste ugovora o prodaji elektri\\u010dne energije postoje?\",\"acceptedAnswer\":{\"@type\":\"Answer\",\"text\":\"<p>Takozvani PPA (Power Purchase Agreement) ugovori sa mini elektranama jesu ugovori o prometu elektri\\u010dnom energijom i prate\\u0107im garancijama o poreklu elektri\\u010dne energije iz obnovljivih izvora. U zavisnosti od zakonodavstva pojedinih dr\\u017eava ovi ugovori mogu imati razli\\u010dite forme, a upravo oni odre\\u0111uju i otkupnu cenu elektri\\u010dne energije izme\\u0111u snabdeva\\u010da i kupca-proizvo\\u0111a\\u010da.<\\\/p>\"}},{\"@type\":\"Question\",\"name\":\"Kako da postignem najbolju otkupnu elektri\\u010dnu energiju za struju koju proizvedem?\",\"acceptedAnswer\":{\"@type\":\"Answer\",\"text\":\"<p>Otkupna cena elektri\\u010dne energije definisana je Ugovorom o otkupu elektri\\u010dne energije (Power Purchase Agreement), a dogovorena cena \\u0107e zavisiti od neophodnih tehni\\u010dkih uslova i parametara, kao i da li je re\\u010d o hidroelektranama ili solarnim elektranama.<\\\/p>\"}}]}<\/script>\n\t\t\t\t<\/div>\n\t\t\t\t<\/div>\n\t\t\t\t\t<\/div>\n\t\t<\/div>\n\t\t\t\t\t<\/div>\n\t\t<\/section>\n\t\t\t\t<\/div>\n\t\t","protected":false},"excerpt":{"rendered":"<p>Prodajte elektri&#269;nu energiju Prodajte elektri&#269;nu energiju EPCG Beograd se bavi otkupom elektri\u010dne energije od malih proizvo\u0111a\u010da (solarne elektrane, vetroparkovi i hidroelektrane), u nameri da svoj energetski portfolio u \u0161to ve\u0107oj meri zasniva na \u010distim izvorima elektri\u010dne energije i podr\u017ei region u nastojanjima da smanji u\u010de\u0161\u0107e&#8230;<\/p>","protected":false},"author":1,"featured_media":0,"parent":0,"menu_order":0,"comment_status":"closed","ping_status":"closed","template":"elementor_header_footer","meta":{"nf_dc_page":"","_monsterinsights_skip_tracking":false,"_monsterinsights_sitenote_active":false,"_monsterinsights_sitenote_note":"","_monsterinsights_sitenote_category":0,"footnotes":""},"class_list":["post-309","page","type-page","status-publish","hentry"],"jetpack_sharing_enabled":true,"_links":{"self":[{"href":"https:\/\/epcg-bg.com\/en\/wp-json\/wp\/v2\/pages\/309","targetHints":{"allow":["GET"]}}],"collection":[{"href":"https:\/\/epcg-bg.com\/en\/wp-json\/wp\/v2\/pages"}],"about":[{"href":"https:\/\/epcg-bg.com\/en\/wp-json\/wp\/v2\/types\/page"}],"author":[{"embeddable":true,"href":"https:\/\/epcg-bg.com\/en\/wp-json\/wp\/v2\/users\/1"}],"replies":[{"embeddable":true,"href":"https:\/\/epcg-bg.com\/en\/wp-json\/wp\/v2\/comments?post=309"}],"version-history":[{"count":5,"href":"https:\/\/epcg-bg.com\/en\/wp-json\/wp\/v2\/pages\/309\/revisions"}],"predecessor-version":[{"id":1893,"href":"https:\/\/epcg-bg.com\/en\/wp-json\/wp\/v2\/pages\/309\/revisions\/1893"}],"wp:attachment":[{"href":"https:\/\/epcg-bg.com\/en\/wp-json\/wp\/v2\/media?parent=309"}],"curies":[{"name":"wp","href":"https:\/\/api.w.org\/{rel}","templated":true}]}}